{"id":514,"date":"2020-11-09T03:49:43","date_gmt":"2020-11-09T08:49:43","guid":{"rendered":"https:\/\/sevencircles.net\/spanish\/?page_id=514"},"modified":"2020-12-19T23:39:32","modified_gmt":"2020-12-20T04:39:32","slug":"faq","status":"publish","type":"page","link":"https:\/\/sevencircles.net\/spanish\/faq\/","title":{"rendered":"Preguntas Frecuentes"},"content":{"rendered":"<body><p>Estas son algunas preguntas frecuentes que tienen que ver con nuestra pol\u00edtica para compartir contenido y sus derechos reservados.<br><strong>Por favor leer con cuidado<\/strong><\/p>\n<h3>\u201cExcepto donde se note, el contenido de este sitio est\u00e1 bajo licencia de Creative Commons Attribution 4.0 International license. Attribution 4.0 International (CC BY 4.0)\u201d<br>\n\u00bfQu\u00e9 significa esto?<\/h3>\n<p>A menos de que el art\u00edculo, post o entrada lo especifique, puedes copiar y compartir cualquier o todo el contenido dentro de la entrada, art\u00edculo o post <b>siempre y cuando se d\u00e9 cr\u00e9dito y enlace (link) a 7-circles y sus autores.<\/b> <a href=\"https:\/\/creativecommons.org\/licenses\/by\/4.0\/\" target=\"_blank\" rel=\"noopener noreferrer\">Tambi\u00e9n se debe indicar claramente si se han hecho cambios al contenido.<\/a> <strong>Mant\u00e9n en mente que trabajos originales, como los de ficci\u00f3n, pueden tener una licencia Creative Commons de atribuci\u00f3n diferente.<\/strong><\/p>\n<hr>\n<h3>El pie p\u00e1gina dice \u201c\u00a9 2020 7-circles.net sevencircles.net\u201d en vez de (CC BY 4.0). \u00bfPorqu\u00e9 es esto?<\/h3>\n<p>Mientras el contenido (entradas, posts, art\u00edculos) dentro del sitio utilizan distintos tipos de <a target=\"_blank\" rel=\"noopener noreferrer\" href=\"https:\/\/creativecommons.org\/about\/cclicenses\/\">Licencias de Creative Commons<\/a>, el dise\u00f1o del sitio mismo, incluyendo todos los logos asociados, ilustraciones e im\u00e1genes <b>no<\/b> est\u00e1n permitidos para ser copiados, reusados o alterados en ninguna forma o tipo.<\/p>\n<hr>\n<p>\u00a0<\/p>\n<h3>Quisiera solicitar un proyecto de freelance a uno de sus dise\u00f1adores. \u00bfC\u00f3mo hago esto?<\/h3>\n<p><b>7-circles<\/b> es un colectivo conformado por <strong> escritores creativos, ilustradores, artistas y dise\u00f1adores digitales<\/strong> acostumbrados a trabajar con clientes de habla inglesa e hispana. Si quieres solicitar un proyecto, solo env\u00eda un mensaje a <a href=\"mailto:pregunta@sevencircles.net\">pregunta@sevencircles.net<\/a><\/p>\n<hr>\n<p>\u00a0<\/p>\n<h3>\u00bfC\u00f3mo funciona la secci\u00f3n de Recursos &amp; Descargas?<\/h3>\n<p>Somos un equipo de dise\u00f1adores digitales, artistas y desarrolladores web con varios a\u00f1os de experiencia en la industria. Como una forma de Devolver al Internet, estaremos subiendo archivos continuamente a esta secci\u00f3n para  <b>uso personal y comercial siempre y cuando los t\u00e9rminos de la licencia<a rel=\"license noopener noreferrer\" href=\"http:\/\/creativecommons.org\/licenses\/by\/4.0\/\" target=\"_blank\"> Creative Commons Attribution 4.0 International License<\/a><\/b> sean seguidos.<\/p>\n<hr>\n<p>\u00a0<\/p>\n<h3>Este sitio contiene anuncios y solicita donaciones. \u00bfPorqu\u00e9 es esto?<\/h3>\n<p>Mantener y actualizar este sitio cuesta tiempo y dinero a nuestro equipo. Queremos proporcionar contenido de calidad al Internet a cambio de ciertos ingresos. Estos ser\u00e1n prove\u00eddos a trav\u00e9s de <a href=\"https:\/\/sevencircles.net\/spanish\/privacidad\/\">anuncios externos<\/a>, <a href=\"https:\/\/sevencircles.net\/spanish\/donar\/\">donaciones<\/a> y <a href=\"mailto:questions@sevencircles.net\">proyectos de dise\u00f1o freelance.<\/a><\/p>\n<hr>\n<p>\u00a0<\/p>\n<h3>Algunos art\u00edculos contienen lenguaje vulgar u ofensivo. \u00bfPorqu\u00e9 se permite esto?<\/h3>\n<p><b>Uno de los principios a los que este sitio se adhiere es el de la libertad de expresi\u00f3n.<\/b> No condonamos la censura por evitar el riesgo de ofender a alguien. Concordamos con Jordan Petterson cuando dice, \u201cPara poder pensar y expresarme debo arriesgarme a ser ofensivo\u201d y creemos que una selecci\u00f3n de palabras para describir un punto toma precedencia sobre el no ser claros por tratar de agradar a alguien all\u00e1 afuera. Dicho esto, <b>7-circles moderar\u00e1, regular\u00e1 y hasta eliminar\u00e1 art\u00edculos cuyo objetivo expl\u00edcito sea el de ofender o atacar a una persona o grupo espec\u00edfico<\/b>, basados solamente en el juicio de nuestros moderadores. Tambi\u00e9n recuerda que las perspectivas y opiniones de nuestros autores pueden diferir de las perspectivas y opiniones del sitio mismo.<\/p>\n<\/body>","protected":false},"excerpt":{"rendered":"<p>Estas son algunas preguntas frecuentes que tienen que ver con nuestra pol\u00edtica para compartir contenido y sus derechos reservados.Por favor leer con cuidado \u201cExcepto donde se note, el contenido de este sitio est\u00e1 bajo licencia de Creative Commons Attribution 4.0 International license. Attribution 4.0 International (CC BY 4.0)\u201d \u00bfQu\u00e9 significa esto? A menos de que [&hellip;]<\/p>\n","protected":false},"author":1,"featured_media":0,"parent":0,"menu_order":0,"comment_status":"closed","ping_status":"closed","template":"","meta":{"footnotes":""},"class_list":["post-514","page","type-page","status-publish","hentry"],"jetpack_sharing_enabled":false,"jetpack_likes_enabled":false,"_links":{"self":[{"href":"https:\/\/sevencircles.net\/spanish\/wp-json\/wp\/v2\/pages\/514","targetHints":{"allow":["GET"]}}],"collection":[{"href":"https:\/\/sevencircles.net\/spanish\/wp-json\/wp\/v2\/pages"}],"about":[{"href":"https:\/\/sevencircles.net\/spanish\/wp-json\/wp\/v2\/types\/page"}],"author":[{"embeddable":true,"href":"https:\/\/sevencircles.net\/spanish\/wp-json\/wp\/v2\/users\/1"}],"replies":[{"embeddable":true,"href":"https:\/\/sevencircles.net\/spanish\/wp-json\/wp\/v2\/comments?post=514"}],"version-history":[{"count":24,"href":"https:\/\/sevencircles.net\/spanish\/wp-json\/wp\/v2\/pages\/514\/revisions"}],"predecessor-version":[{"id":776,"href":"https:\/\/sevencircles.net\/spanish\/wp-json\/wp\/v2\/pages\/514\/revisions\/776"}],"wp:attachment":[{"href":"https:\/\/sevencircles.net\/spanish\/wp-json\/wp\/v2\/media?parent=514"}],"curies":[{"name":"wp","href":"https:\/\/api.w.org\/{rel}","templated":true}]}}