{"id":550,"date":"2020-11-17T06:17:38","date_gmt":"2020-11-17T11:17:38","guid":{"rendered":"https:\/\/sevencircles.net\/spanish\/?page_id=550"},"modified":"2020-12-07T21:59:57","modified_gmt":"2020-12-08T02:59:57","slug":"resources","status":"publish","type":"page","link":"https:\/\/sevencircles.net\/spanish\/resources\/","title":{"rendered":"Recursos &#038; Descargas"},"content":{"rendered":"<body><p><\/p>Aqu\u00ed es donde mantenemos una copilaci\u00f3n de todos los recursos y archivos que nuestros contribuyentes desean que sean compartidos con el Internet, libre de cargo, derechos de autor o cualquier tarifa oculta, siempre y cuando se d\u00e9 cr\u00e9dito a <strong>7-circles<\/strong> bajo los t\u00e9rminos de CC BY Attribution 4.0.\n<p><a href=\"https:\/\/creativecommons.org\/licenses\/by\/4.0\/\" target=\"_blank\" rel=\"noopener noreferrer\"><img data-recalc-dims=\"1\" decoding=\"async\" src=\"https:\/\/i0.wp.com\/sevencircles.net\/wp-content\/uploads\/2020\/11\/by.png?w=750&#038;ssl=1\"   loading=\"lazy\"><\/a><\/p>\n<p>El contenido de esta secci\u00f3n est\u00e1 protegido bajo los t\u00e9rminos de licencia <a href=\"https:\/\/creativecommons.org\/licenses\/by\/4.0\/\" target=\"_blank\" rel=\"noopener noreferrer\"><strong>CC BY<\/strong><\/a> \/ <a href=\"https:\/\/creativecommons.org\/about\/cclicenses\/\" target=\"_blank\" rel=\"noopener noreferrer\">Conocer m\u00e1s<\/a><\/p>\n<hr>\n<p><\/p>\n<\/body>","protected":false},"excerpt":{"rendered":"<p>Aqu\u00ed es donde mantenemos una copilaci\u00f3n de todos los recursos y archivos que nuestros contribuyentes desean que sean compartidos con el Internet, libre de cargo, derechos de autor o cualquier tarifa oculta, siempre y cuando se d\u00e9 cr\u00e9dito a 7-circles bajo los t\u00e9rminos de CC BY Attribution 4.0. El contenido de esta secci\u00f3n est\u00e1 protegido [&hellip;]<\/p>\n","protected":false},"author":1,"featured_media":0,"parent":0,"menu_order":0,"comment_status":"closed","ping_status":"closed","template":"","meta":{"footnotes":""},"class_list":["post-550","page","type-page","status-publish","hentry"],"jetpack_sharing_enabled":false,"jetpack_likes_enabled":false,"_links":{"self":[{"href":"https:\/\/sevencircles.net\/spanish\/wp-json\/wp\/v2\/pages\/550","targetHints":{"allow":["GET"]}}],"collection":[{"href":"https:\/\/sevencircles.net\/spanish\/wp-json\/wp\/v2\/pages"}],"about":[{"href":"https:\/\/sevencircles.net\/spanish\/wp-json\/wp\/v2\/types\/page"}],"author":[{"embeddable":true,"href":"https:\/\/sevencircles.net\/spanish\/wp-json\/wp\/v2\/users\/1"}],"replies":[{"embeddable":true,"href":"https:\/\/sevencircles.net\/spanish\/wp-json\/wp\/v2\/comments?post=550"}],"version-history":[{"count":3,"href":"https:\/\/sevencircles.net\/spanish\/wp-json\/wp\/v2\/pages\/550\/revisions"}],"predecessor-version":[{"id":698,"href":"https:\/\/sevencircles.net\/spanish\/wp-json\/wp\/v2\/pages\/550\/revisions\/698"}],"wp:attachment":[{"href":"https:\/\/sevencircles.net\/spanish\/wp-json\/wp\/v2\/media?parent=550"}],"curies":[{"name":"wp","href":"https:\/\/api.w.org\/{rel}","templated":true}]}}